{"id":6877,"date":"2023-04-18T18:20:45","date_gmt":"2023-04-18T16:20:45","guid":{"rendered":"https:\/\/certificadoisorapida.com\/politica-de-privadesa\/"},"modified":"2023-07-10T12:44:39","modified_gmt":"2023-07-10T10:44:39","slug":"politica-de-privacidad","status":"publish","type":"page","link":"https:\/\/www.certificadoisorapida.com\/es\/politica-de-privacidad\/","title":{"rendered":"Pol\u00edtica de privacidad"},"content":{"rendered":"\r\n<h2 class=\"wp-block-heading\" style=\"padding-top: 80px;\">\u00bfCon qu\u00e9 finalidad tratar\u00e1 ISO R\u00c1PIDA (MOLINS DE Q, S.L.) los datos personales del usuario y durante cu\u00e1nto tiempo?<\/h2>\r\n\r\n\r\n\r\n<p>Los datos personales facilitados a trav\u00e9s del Sitio Web ser\u00e1n tratados por ISO R\u00c1PIDA (MOLINS DE Q, S.L.) conforme a las siguientes finalidades:<br \/><br \/>\u2022 Gestionar, tramitar y dar respuesta a las solicitudes o consultas del Usuario, cuando \u00e9ste facilite sus datos a trav\u00e9s del formulario \u00abContacto\u00bb. Los datos del Usuario ser\u00e1n conservados con esta finalidad hasta que \u00e9ste se oponga o revoque su consentimiento.<\/p>\r\n<p>&nbsp;<\/p>\r\n\r\n\r\n\r\n\r\n\r\n\r\n\r\n<h2 class=\"wp-block-heading\">\u00bfQu\u00e9 datos del usuario tratar\u00e1 ISO R\u00c1PIDA (MOLINS DE Q, S.L.)?<\/h2>\r\n\r\n\r\n\r\n\r\n\r\n<p>ISO R\u00c1PIDA (MOLINS DE Q, S.L.) tratar\u00e1 las siguientes categor\u00edas de datos del Usuario: datos identificativos y datos de contacto.<\/p>\r\n<p>&nbsp;<\/p>\r\n<h2>\u00bfCu\u00e1l es la legitimaci\u00f3n del tratamiento de los datos del usuario?<\/h2>\r\n\r\n\r\n\r\n\r\n\r\n<p>El tratamiento de los datos del Usuario por parte de ISO R\u00c1PIDA (MOLINS DE Q, S.L.) est\u00e1 basado en el consentimiento que se le solicita y que puede retirar en cualquier momento. No obstante, en caso de retirar su consentimiento, esto no afectar\u00e1 a la licitud de los tratamientos efectuados con anterioridad. <br \/><br \/>Los consentimientos obtenidos para las finalidades mencionadas son independientes por lo que el Usuario podr\u00e1 revocar s\u00f3lo uno de ellos no afectando a los dem\u00e1s.<\/p>\r\n<p>&nbsp;<\/p>\r\n\r\n\r\n\r\n<h2 class=\"wp-block-heading\">\u00bfA qu\u00e9 destinatarios se comunicar\u00e1n los datos del usuario?<\/h2>\r\n\r\n\r\n\r\n<p>Los datos no ser\u00e1n comunicados a terceros, salvo que lo exija una ley o sea necesario para cumplir con la finalidad del tratamiento.<\/p>\r\n<p>&nbsp;<\/p>\r\n<h2>Responsabilidad del usuario<\/h2>\r\n\r\n\r\n\r\n<p>El Usuario:<br \/><br \/>\u2022 Garantiza que los datos que facilita a ISO R\u00c1PIDA (MOLINS DE Q, S.L.) son ciertos, exactos, completos y actualizados. A estos efectos, el Usuario responde de la veracidad de todos los datos que comunique y mantendr\u00e1 convenientemente actualizada la informaci\u00f3n facilitada, de tal forma que responda a su situaci\u00f3n real. <br \/>\u2022 Ser\u00e1 responsable de las informaciones falsas o inexactas que proporcione a trav\u00e9s del Sitio Web y de los da\u00f1os y perjuicios, directos o indirectos, que ello cause a ISO R\u00c1PIDA (MOLINS DE Q, S.L.) o a terceros.<\/p>\r\n<p>&nbsp;<\/p>\r\n\r\n\r\n\r\n<h2 class=\"wp-block-heading\">Redes sociales<\/h2>\r\n\r\n\r\n\r\n<p>Los perfiles en redes sociales que disponga ISO R\u00c1PIDA (MOLINS DE Q, S.L.) no supondr\u00e1n un tratamiento de datos m\u00e1s all\u00e1 de lo que la propia red social permita para perfiles corporativos. ISO R\u00c1PIDA (MOLINS DE Q, S.L.) podr\u00e1 utilizar estos perfiles para informar a los usuarios de cada red social suscritos en el perfil de la empresa sobre sus actividades, eventos, seminarios, ofertas, promociones o novedades en sus productos o servicios, as\u00ed como compartir informaci\u00f3n de inter\u00e9s sobre las tem\u00e1ticas habituales de la empresa. ISO R\u00c1PIDA (MOLINS DE Q, S.L.) no extraer\u00e1 ning\u00fan tipo de dato directamente de la red social.<\/p>\r\n<p>&nbsp;<\/p>\r\n\r\n\r\n\r\n<h2 class=\"wp-block-heading\">Ejercicio de derechos<\/h2>\r\n\r\n\r\n\r\n<p>El Usuario puede enviar un escrito a ISO R\u00c1PIDA (MOLINS DE Q, S.L.) con la Referencia \u00abProtecci\u00f3n de Datos\u00bb a la direcci\u00f3n de correo electr\u00f3nico dpo@molinsdeq.cat, adjuntando fotocopia de su documento de identidad, en cualquier momento y de manera gratuita, para: <br \/><br \/>\u2022 <strong>Revocar<\/strong> los consentimientos otorgados. <br \/>\u2022 <strong>Acceso<\/strong>. Puede solicitar el acceso a la informaci\u00f3n personal que conservamos sobre usted. <br \/>\u2022 <strong>Rectificaci\u00f3n<\/strong>. Puede solicitar que corrijamos, modifiquemos o suprimamos cualquier informaci\u00f3n incompleta, no actualizada o inexacta. <br \/>\u2022 <strong>Supressi\u00f3n<\/strong>. Puede solicitar la supresi\u00f3n de su informaci\u00f3n personal, cuando, entre otros motivos, los datos ya no sean necesarios para las finalidades que fueron recogidos. <br \/>\u2022 <strong>Oposici\u00f3n<\/strong>. Puede oponerse al tratamiento de su informaci\u00f3n personal basado en inter\u00e9s leg\u00edtimo.<br \/>\u2022 <strong>Limitaci\u00f3n del tratamiento<\/strong>. Obtener de ISO R\u00c1PIDA (MOLINS DE Q, S.L.) la limitaci\u00f3n del tratamiento de los datos cuando se cumpla alguna de las condiciones previstas en la normativa de protecci\u00f3n de datos.<br \/>\u2022 <strong>Portabilidad de sus datos<\/strong>. Derecho a que le entreguen sus datos para que pueda transmitirlos a otro responsable<br \/>\u2022 <strong>Reclamaci\u00f3n<\/strong>. Tambi\u00e9n tiene derecho a poner una reclamaci\u00f3n ante la Agencia Espa\u00f1ola de Protecci\u00f3n de Datos (http:\/\/www.agpd.es), cuando el interesado considere que ISO R\u00c1PIDA (MOLINS DE Q, S.L.) ha vulnerado los derechos que le son reconocidos por la normativa aplicable en protecci\u00f3n de datos.<\/p>\r\n<p>&nbsp;<\/p>\r\n<h2>Medidas de seguridad<\/h2>\r\n\r\n\r\n\r\n<p style=\"padding-bottom: 80px;\">ISO R\u00c1PIDA (MOLINS DE Q, S.L.) tratar\u00e1 los datos del Usuario en todo momento de forma absolutamente confidencial y guardando el preceptivo deber secreto respecto de los mismos, de conformidad con lo previsto en la normativa de aplicaci\u00f3n, adoptando a tal efecto las medidas de \u00edndole t\u00e9cnica y organizativas necesarias que garanticen la seguridad de sus datos y eviten su alteraci\u00f3n, p\u00e9rdida, tratamiento o acceso no autorizado, teniendo en cuenta del estado de la tecnolog\u00eda, la naturaleza de los datos almacenados y los riesgos a los que est\u00e1n expuestos.<\/p>\r\n","protected":false},"excerpt":{"rendered":"<p>\u00bfCon qu\u00e9 finalidad tratar\u00e1 ISO R\u00c1PIDA (MOLINS DE Q, S.L.) [&#8230;]<\/p>\n","protected":false},"author":1,"featured_media":0,"parent":0,"menu_order":0,"comment_status":"closed","ping_status":"open","template":"","meta":{"footnotes":""},"class_list":["post-6877","page","type-page","status-publish","hentry"],"yoast_head":"<!-- This site is optimized with the Yoast SEO plugin v27.6 - https:\/\/yoast.com\/product\/yoast-seo-wordpress\/ -->\n<title>Pol\u00edtica de privacidad - Certificado ISO r\u00e0pida<\/title>\n<meta name=\"robots\" content=\"index, follow, max-snippet:-1, max-image-preview:large, max-video-preview:-1\" \/>\n<link rel=\"canonical\" href=\"https:\/\/www.certificadoisorapida.com\/es\/politica-de-privacidad\/\" \/>\n<meta property=\"og:locale\" content=\"es_ES\" \/>\n<meta property=\"og:type\" content=\"article\" \/>\n<meta property=\"og:title\" content=\"Pol\u00edtica de privacidad - Certificado ISO r\u00e0pida\" \/>\n<meta property=\"og:description\" content=\"\u00bfCon qu\u00e9 finalidad tratar\u00e1 ISO R\u00c1PIDA (MOLINS DE Q, S.L.) [...]\" \/>\n<meta property=\"og:url\" content=\"https:\/\/www.certificadoisorapida.com\/es\/politica-de-privacidad\/\" \/>\n<meta property=\"og:site_name\" content=\"Certificado ISO r\u00e0pida\" \/>\n<meta property=\"article:modified_time\" content=\"2023-07-10T10:44:39+00:00\" \/>\n<meta name=\"twitter:card\" content=\"summary_large_image\" \/>\n<meta name=\"twitter:site\" content=\"@molinsdeq\" \/>\n<meta name=\"twitter:label1\" content=\"Tiempo de lectura\" \/>\n\t<meta name=\"twitter:data1\" content=\"4 minutos\" \/>\n<script type=\"application\/ld+json\" class=\"yoast-schema-graph\">{\"@context\":\"https:\\\/\\\/schema.org\",\"@graph\":[{\"@type\":\"WebPage\",\"@id\":\"https:\\\/\\\/www.certificadoisorapida.com\\\/es\\\/politica-de-privacidad\\\/\",\"url\":\"https:\\\/\\\/www.certificadoisorapida.com\\\/es\\\/politica-de-privacidad\\\/\",\"name\":\"Pol\u00edtica de privacidad - Certificado ISO r\u00e0pida\",\"isPartOf\":{\"@id\":\"https:\\\/\\\/www.certificadoisorapida.com\\\/#website\"},\"datePublished\":\"2023-04-18T16:20:45+00:00\",\"dateModified\":\"2023-07-10T10:44:39+00:00\",\"breadcrumb\":{\"@id\":\"https:\\\/\\\/www.certificadoisorapida.com\\\/es\\\/politica-de-privacidad\\\/#breadcrumb\"},\"inLanguage\":\"es\",\"potentialAction\":[{\"@type\":\"ReadAction\",\"target\":[\"https:\\\/\\\/www.certificadoisorapida.com\\\/es\\\/politica-de-privacidad\\\/\"]}]},{\"@type\":\"BreadcrumbList\",\"@id\":\"https:\\\/\\\/www.certificadoisorapida.com\\\/es\\\/politica-de-privacidad\\\/#breadcrumb\",\"itemListElement\":[{\"@type\":\"ListItem\",\"position\":1,\"name\":\"Inici\",\"item\":\"https:\\\/\\\/www.certificadoisorapida.com\\\/es\\\/\"},{\"@type\":\"ListItem\",\"position\":2,\"name\":\"Pol\u00edtica de privacidad\"}]},{\"@type\":\"WebSite\",\"@id\":\"https:\\\/\\\/www.certificadoisorapida.com\\\/#website\",\"url\":\"https:\\\/\\\/www.certificadoisorapida.com\\\/\",\"name\":\"Certificado ISO r\u00e0pida\",\"description\":\"Experts en certificaci\u00f3 de sistemes de gesti\u00f3 ISO\",\"publisher\":{\"@id\":\"https:\\\/\\\/www.certificadoisorapida.com\\\/#organization\"},\"potentialAction\":[{\"@type\":\"SearchAction\",\"target\":{\"@type\":\"EntryPoint\",\"urlTemplate\":\"https:\\\/\\\/www.certificadoisorapida.com\\\/?s={search_term_string}\"},\"query-input\":{\"@type\":\"PropertyValueSpecification\",\"valueRequired\":true,\"valueName\":\"search_term_string\"}}],\"inLanguage\":\"es\"},{\"@type\":\"Organization\",\"@id\":\"https:\\\/\\\/www.certificadoisorapida.com\\\/#organization\",\"name\":\"Certificado ISO r\u00e0pida\",\"url\":\"https:\\\/\\\/www.certificadoisorapida.com\\\/\",\"logo\":{\"@type\":\"ImageObject\",\"inLanguage\":\"es\",\"@id\":\"https:\\\/\\\/www.certificadoisorapida.com\\\/#\\\/schema\\\/logo\\\/image\\\/\",\"url\":\"https:\\\/\\\/www.certificadoisorapida.com\\\/wp-content\\\/uploads\\\/2023\\\/04\\\/certificado-ISO-rapida_2x.png\",\"contentUrl\":\"https:\\\/\\\/www.certificadoisorapida.com\\\/wp-content\\\/uploads\\\/2023\\\/04\\\/certificado-ISO-rapida_2x.png\",\"width\":393,\"height\":140,\"caption\":\"Certificado ISO r\u00e0pida\"},\"image\":{\"@id\":\"https:\\\/\\\/www.certificadoisorapida.com\\\/#\\\/schema\\\/logo\\\/image\\\/\"},\"sameAs\":[\"https:\\\/\\\/x.com\\\/molinsdeq\",\"https:\\\/\\\/www.linkedin.com\\\/company\\\/molins-de-q-s-l-\\\/?viewAsMember=true\",\"https:\\\/\\\/www.instagram.com\\\/molinsdeq\\\/\"]}]}<\/script>\n<!-- \/ Yoast SEO plugin. -->","yoast_head_json":{"title":"Pol\u00edtica de privacidad - Certificado ISO r\u00e0pida","robots":{"index":"index","follow":"follow","max-snippet":"max-snippet:-1","max-image-preview":"max-image-preview:large","max-video-preview":"max-video-preview:-1"},"canonical":"https:\/\/www.certificadoisorapida.com\/es\/politica-de-privacidad\/","og_locale":"es_ES","og_type":"article","og_title":"Pol\u00edtica de privacidad - Certificado ISO r\u00e0pida","og_description":"\u00bfCon qu\u00e9 finalidad tratar\u00e1 ISO R\u00c1PIDA (MOLINS DE Q, S.L.) [...]","og_url":"https:\/\/www.certificadoisorapida.com\/es\/politica-de-privacidad\/","og_site_name":"Certificado ISO r\u00e0pida","article_modified_time":"2023-07-10T10:44:39+00:00","twitter_card":"summary_large_image","twitter_site":"@molinsdeq","twitter_misc":{"Tiempo de lectura":"4 minutos"},"schema":{"@context":"https:\/\/schema.org","@graph":[{"@type":"WebPage","@id":"https:\/\/www.certificadoisorapida.com\/es\/politica-de-privacidad\/","url":"https:\/\/www.certificadoisorapida.com\/es\/politica-de-privacidad\/","name":"Pol\u00edtica de privacidad - Certificado ISO r\u00e0pida","isPartOf":{"@id":"https:\/\/www.certificadoisorapida.com\/#website"},"datePublished":"2023-04-18T16:20:45+00:00","dateModified":"2023-07-10T10:44:39+00:00","breadcrumb":{"@id":"https:\/\/www.certificadoisorapida.com\/es\/politica-de-privacidad\/#breadcrumb"},"inLanguage":"es","potentialAction":[{"@type":"ReadAction","target":["https:\/\/www.certificadoisorapida.com\/es\/politica-de-privacidad\/"]}]},{"@type":"BreadcrumbList","@id":"https:\/\/www.certificadoisorapida.com\/es\/politica-de-privacidad\/#breadcrumb","itemListElement":[{"@type":"ListItem","position":1,"name":"Inici","item":"https:\/\/www.certificadoisorapida.com\/es\/"},{"@type":"ListItem","position":2,"name":"Pol\u00edtica de privacidad"}]},{"@type":"WebSite","@id":"https:\/\/www.certificadoisorapida.com\/#website","url":"https:\/\/www.certificadoisorapida.com\/","name":"Certificado ISO r\u00e0pida","description":"Experts en certificaci\u00f3 de sistemes de gesti\u00f3 ISO","publisher":{"@id":"https:\/\/www.certificadoisorapida.com\/#organization"},"potentialAction":[{"@type":"SearchAction","target":{"@type":"EntryPoint","urlTemplate":"https:\/\/www.certificadoisorapida.com\/?s={search_term_string}"},"query-input":{"@type":"PropertyValueSpecification","valueRequired":true,"valueName":"search_term_string"}}],"inLanguage":"es"},{"@type":"Organization","@id":"https:\/\/www.certificadoisorapida.com\/#organization","name":"Certificado ISO r\u00e0pida","url":"https:\/\/www.certificadoisorapida.com\/","logo":{"@type":"ImageObject","inLanguage":"es","@id":"https:\/\/www.certificadoisorapida.com\/#\/schema\/logo\/image\/","url":"https:\/\/www.certificadoisorapida.com\/wp-content\/uploads\/2023\/04\/certificado-ISO-rapida_2x.png","contentUrl":"https:\/\/www.certificadoisorapida.com\/wp-content\/uploads\/2023\/04\/certificado-ISO-rapida_2x.png","width":393,"height":140,"caption":"Certificado ISO r\u00e0pida"},"image":{"@id":"https:\/\/www.certificadoisorapida.com\/#\/schema\/logo\/image\/"},"sameAs":["https:\/\/x.com\/molinsdeq","https:\/\/www.linkedin.com\/company\/molins-de-q-s-l-\/?viewAsMember=true","https:\/\/www.instagram.com\/molinsdeq\/"]}]}},"_links":{"self":[{"href":"https:\/\/www.certificadoisorapida.com\/es\/wp-json\/wp\/v2\/pages\/6877","targetHints":{"allow":["GET"]}}],"collection":[{"href":"https:\/\/www.certificadoisorapida.com\/es\/wp-json\/wp\/v2\/pages"}],"about":[{"href":"https:\/\/www.certificadoisorapida.com\/es\/wp-json\/wp\/v2\/types\/page"}],"author":[{"embeddable":true,"href":"https:\/\/www.certificadoisorapida.com\/es\/wp-json\/wp\/v2\/users\/1"}],"replies":[{"embeddable":true,"href":"https:\/\/www.certificadoisorapida.com\/es\/wp-json\/wp\/v2\/comments?post=6877"}],"version-history":[{"count":5,"href":"https:\/\/www.certificadoisorapida.com\/es\/wp-json\/wp\/v2\/pages\/6877\/revisions"}],"predecessor-version":[{"id":6882,"href":"https:\/\/www.certificadoisorapida.com\/es\/wp-json\/wp\/v2\/pages\/6877\/revisions\/6882"}],"wp:attachment":[{"href":"https:\/\/www.certificadoisorapida.com\/es\/wp-json\/wp\/v2\/media?parent=6877"}],"curies":[{"name":"wp","href":"https:\/\/api.w.org\/{rel}","templated":true}]}}