{"id":6884,"date":"2023-05-23T12:40:25","date_gmt":"2023-05-23T11:40:25","guid":{"rendered":"https:\/\/certificadoisorapida.com\/politica-de-cookies\/"},"modified":"2024-12-10T16:26:23","modified_gmt":"2024-12-10T15:26:23","slug":"politica-de-cookies","status":"publish","type":"page","link":"https:\/\/www.certificadoisorapida.com\/es\/politica-de-cookies\/","title":{"rendered":"Pol\u00edtica de cookies"},"content":{"rendered":"<h4 style=\"padding-top: 70px;\">Nuestro sitio web utiliza una tecnolog\u00eda llamada <em>cookie<\/em>, con el fin de poder obtener informaci\u00f3n sobre el uso del sitio web, mejorar la experiencia del usuario y garantizar su correcto funcionamiento.<\/h4>\n<p>&nbsp;<\/p>\n<h2>Definici\u00f3n de <em>Cookie<\/em><\/h2>\n<p>Una <em>cookie<\/em> es un peque\u00f1o fragmento de texto que los sitios web env\u00edan al navegador y que se almacenan en el terminal del usuario (ordenador o dispositivo m\u00f3vil). Estos archivos tienen la finalidad de almacenar datos que podr\u00e1n ser actualizados y recuperados por la entidad responsable de su instalaci\u00f3n. As\u00ed, cada vez que el usuario vuelve a visitar el mismo sitio web, el explorador recupera el archivo y lo env\u00eda al servidor del sitio web. Las <em>cookies<\/em> tienen diversas funciones entre las que se incluyen, la de recoger informaci\u00f3n sobre las preferencias del usuario y recordarla, y en general, facilitar el uso del sitio web al usuario haciendo que el sitio sea m\u00e1s \u00fatil al personalizar su contenido.<\/p>\n<p>Las <em>cookies<\/em> se pueden clasificar en base a diferentes par\u00e1metros:<\/p>\n<p><strong>1. Titularidad:<\/strong> <em>cookies<\/em> propias y <em>cookies<\/em> de terceros: dependiendo de cu\u00e1l sea la entidad que gestione el dominio desde donde se env\u00edan las <em>cookies<\/em> y se traten los datos que se obtengan.<br \/>\n<strong>2. Duraci\u00f3n:<\/strong> <em>cookies<\/em> de sesi\u00f3n y <em>cookies<\/em> persistentes: de acuerdo con el plazo de tiempo que permanecen almacenadas en el terminal del usuario.<br \/>\n<strong>3. Finalidad:<\/strong> <em>cookies<\/em> t\u00e9cnicas, <em>cookies<\/em> de personalizaci\u00f3n, <em>cookies<\/em> de an\u00e1lisis, <em>cookies<\/em> publicitarias, <em>cookies<\/em> de publicidad comportamental: de acuerdo con la finalidad para la que se traten los datos obtenidos.<\/p>\n<p>\u2022 <i>Cookies<\/i> t\u00e9cnicas<i>:<\/i>\u00a0Son aqu\u00e9llas que permiten al usuario la navegaci\u00f3n a trav\u00e9s de la p\u00e1gina web o aplicaci\u00f3n y la utilizaci\u00f3n de las diferentes opciones o servicios que en ella existen. Por ejemplo, controlar el tr\u00e1fico y la comunicaci\u00f3n de datos, identificar la sesi\u00f3n o acceder a las partes web de acceso restringido.<\/p>\n<p>\u2022 <em>Cookies<\/em> de personalizaci\u00f3n:\u00a0Son aqu\u00e9llas que permiten al usuario la navegaci\u00f3n a trav\u00e9s de la p\u00e1gina web o aplicaci\u00f3n y la utilizaci\u00f3n de las diferentes opciones o servicios que en ella existen. Por ejemplo, controlar el tr\u00e1fico y la comunicaci\u00f3n de datos, identificar la sesi\u00f3n o acceder a las partes web de acceso restringido.<\/p>\n<p>\u2022 <i>Cookies<\/i> de an\u00e1lisis:\u00a0Son aquellas que o bien tratadas por nosotros o por terceros, nos permiten cuantificar el n\u00famero de usuarios y as\u00ed realizar el an\u00e1lisis estad\u00edstico de la utilizaci\u00f3n que realizan los usuarios del servicio ofrecido. Por eso se analiza su navegaci\u00f3n en nuestra p\u00e1gina web para mejorar la oferta de productos o servicios que le ofrecemos.<\/p>\n<p>\u2022 <i>Cookies<\/i> publicitarias:\u00a0Son aquellas que permiten la gesti\u00f3n, de la forma m\u00e1s eficaz posible, de los espacios publicitarios que, en su caso, el editor haya incluido en una p\u00e1gina web, aplicaci\u00f3n o plataforma desde la que presta el servicio solicitado en base a criterios como el contenido editado o la frecuencia en la que se muestran los anuncios.<\/p>\n<p>\u2022 <i>Cookies<\/i> de publicidad comportamental:\u00a0Son aquellas que permiten la gesti\u00f3n, de la forma m\u00e1s eficaz posible, de los espacios publicitarios que, en su caso, el editor haya incluido en una p\u00e1gina web, aplicaci\u00f3n o plataforma desde la que presta el servicio solicitado. Estas <i>cookies <\/i>almacenan informaci\u00f3n del comportamiento de los usuarios obtenida a trav\u00e9s de la observaci\u00f3n continuada de sus h\u00e1bitos de navegaci\u00f3n, lo que permite desarrollar un perfil espec\u00edfico para mostrar publicidad en funci\u00f3n del mismo.<\/p>\n<p>&nbsp;<\/p>\n<h2><em>Cookies<\/em> utilizadas en nuestro sitio web<\/h2>\n<p>Nuestro sitio web utiliza tanto <em>cookies<\/em> propias, que son las enviadas a su dispositivo y gestionadas exclusivamente por nosotros para el mejor funcionamiento del sitio web, como <em>cookies<\/em> de terceros, con la funci\u00f3n de servirnos como herramienta de an\u00e1lisis de la interacci\u00f3n de los usuarios con nuestra web, gracias a ellas obtenemos una informaci\u00f3n que puede ayudarnos a mejorar la navegaci\u00f3n y dar un mejor servicio a los usuarios.<\/p>\n<p>Nuestro sitio web utiliza tanto <em>cookies<\/em> temporales de sesi\u00f3n como <em>cookies<\/em> persistentes. Las <em>cookies<\/em> de sesi\u00f3n almacenan datos \u00fanicamente mientras el usuario accede a la web y las <em>cookies<\/em> persistentes almacenan los datos en el terminal para que sean accedidas y utilizadas en m\u00e1s de una sesi\u00f3n.<\/p>\n<p>Concretamente las <em>cookies<\/em> que se utilizan en nuestro sitio web son:<\/p>\n<p><strong><em>Cookies <\/em>propias:<\/strong>\u00a0Las <em>cookies<\/em> propias que usamos en nuestro sitio web son de car\u00e1cter t\u00e9cnico, fundamentales para el funcionamiento de la web.<\/p>\n<p><strong><em>Cookies<\/em> de terceros<\/strong>:<\/p>\n<p>Nombre: Google Analytics (_gac).<br \/>\nTitular: Google Inc.<br \/>\nFinalidad: Analizamos el tr\u00e1nsito de esta web.<br \/>\nDuraci\u00f3n: 90 d\u00edas.<\/p>\n<p>Nombre: Google Ads (_gads).<br \/>\nTitular: Google Inc.<br \/>\nFinalidad: Se orienta la publicidad que se mostrar\u00e1 a los usuarios en funci\u00f3n de sus intereses.<br \/>\nDuraci\u00f3n: 13 meses.<\/p>\n<p>Para obtener m\u00e1s informaci\u00f3n sobre las <em>cookies<\/em> y\/o para su desactivaci\u00f3n puede clicar en el icono que aparece en la parte inferior izquierda de todas las p\u00e1ginas de este sitio web y seguir las indicaciones pertinentes.<\/p>\n<p>Por \u00faltimo, tambi\u00e9n se utilizan <em>cookies<\/em> de complemento (plug-in) para intercambiar contenidos sociales.<\/p>\n<p>&nbsp;<\/p>\n<h2>Consentimiento<\/h2>\n<p>Al navegar y continuar en nuestro sitio web el usuario estar\u00e1 consintiendo el uso de las <em>cookies<\/em> antes enunciadas, por los plazos se\u00f1alados y en las condiciones contenidas en la presente Pol\u00edtica de <em>Cookies<\/em>.<\/p>\n<p>Asimismo, le informamos que si usted consulta contenidos de nuestra web alojados en webs de terceros, \u00e9stos tienen su propia pol\u00edtica de <em>cookies<\/em>.<\/p>\n<p>&nbsp;<\/p>\n<h2>Retirada del consentimiento<\/h2>\n<p>El usuario podr\u00e1 retirar en cualquier momento su consentimiento relacionado con esta Pol\u00edtica de <em>Cookies<\/em>, por lo que deber\u00e1 eliminar las <em>cookies<\/em> almacenadas en su equipo utilizando los ajustes y configuraciones de su navegador de Internet.<\/p>\n<p>&nbsp;<\/p>\n<h2>Modificaci\u00f3n de la configuraci\u00f3n de las <em>cookies<\/em><\/h2>\n<p>El usuario puede restringir, bloquear o borrar las <em>cookies<\/em> de cualquier sitio web, utilizando su navegador. Te recomendamos que consultes la ayuda de tu navegador para informarte sobre las diferentes opciones de c\u00f3mo gestionar las <em>cookies<\/em>.<\/p>\n<p>&nbsp;<\/p>\n<h2>Actualizaci\u00f3n de la pol\u00edtica de <em>cookies<\/em><\/h2>\n<p style=\"padding-bottom: 80px;\">Este sitio web puede modificar esta Pol\u00edtica sobre <em>Cookies<\/em>, por eso le recomendamos revisar esta pol\u00edtica cada vez que acceda a nuestro sitio web para estar adecuadamente informado sobre el uso que hacemos de las <em>cookies<\/em>.<\/p>\n","protected":false},"excerpt":{"rendered":"<p>Nuestro sitio web utiliza una tecnolog\u00eda llamada cookie, con el [&#8230;]<\/p>\n","protected":false},"author":1,"featured_media":0,"parent":0,"menu_order":0,"comment_status":"closed","ping_status":"open","template":"","meta":{"footnotes":""},"class_list":["post-6884","page","type-page","status-publish","hentry"],"yoast_head":"<!-- This site is optimized with the Yoast SEO plugin v27.6 - https:\/\/yoast.com\/product\/yoast-seo-wordpress\/ -->\n<title>Pol\u00edtica de cookies - Certificado ISO r\u00e0pida<\/title>\n<meta name=\"robots\" content=\"index, follow, max-snippet:-1, max-image-preview:large, max-video-preview:-1\" \/>\n<link rel=\"canonical\" href=\"https:\/\/www.certificadoisorapida.com\/es\/politica-de-cookies\/\" \/>\n<meta property=\"og:locale\" content=\"es_ES\" \/>\n<meta property=\"og:type\" content=\"article\" \/>\n<meta property=\"og:title\" content=\"Pol\u00edtica de cookies - Certificado ISO r\u00e0pida\" \/>\n<meta property=\"og:description\" content=\"Nuestro sitio web utiliza una tecnolog\u00eda llamada cookie, con el [...]\" \/>\n<meta property=\"og:url\" content=\"https:\/\/www.certificadoisorapida.com\/es\/politica-de-cookies\/\" \/>\n<meta property=\"og:site_name\" content=\"Certificado ISO r\u00e0pida\" \/>\n<meta property=\"article:modified_time\" content=\"2024-12-10T15:26:23+00:00\" \/>\n<meta name=\"twitter:card\" content=\"summary_large_image\" \/>\n<meta name=\"twitter:site\" content=\"@molinsdeq\" \/>\n<meta name=\"twitter:label1\" content=\"Tiempo de lectura\" \/>\n\t<meta name=\"twitter:data1\" content=\"6 minutos\" \/>\n<script type=\"application\/ld+json\" class=\"yoast-schema-graph\">{\"@context\":\"https:\\\/\\\/schema.org\",\"@graph\":[{\"@type\":\"WebPage\",\"@id\":\"https:\\\/\\\/www.certificadoisorapida.com\\\/es\\\/politica-de-cookies\\\/\",\"url\":\"https:\\\/\\\/www.certificadoisorapida.com\\\/es\\\/politica-de-cookies\\\/\",\"name\":\"Pol\u00edtica de cookies - Certificado ISO r\u00e0pida\",\"isPartOf\":{\"@id\":\"https:\\\/\\\/www.certificadoisorapida.com\\\/#website\"},\"datePublished\":\"2023-05-23T11:40:25+00:00\",\"dateModified\":\"2024-12-10T15:26:23+00:00\",\"breadcrumb\":{\"@id\":\"https:\\\/\\\/www.certificadoisorapida.com\\\/es\\\/politica-de-cookies\\\/#breadcrumb\"},\"inLanguage\":\"es\",\"potentialAction\":[{\"@type\":\"ReadAction\",\"target\":[\"https:\\\/\\\/www.certificadoisorapida.com\\\/es\\\/politica-de-cookies\\\/\"]}]},{\"@type\":\"BreadcrumbList\",\"@id\":\"https:\\\/\\\/www.certificadoisorapida.com\\\/es\\\/politica-de-cookies\\\/#breadcrumb\",\"itemListElement\":[{\"@type\":\"ListItem\",\"position\":1,\"name\":\"Inici\",\"item\":\"https:\\\/\\\/www.certificadoisorapida.com\\\/es\\\/\"},{\"@type\":\"ListItem\",\"position\":2,\"name\":\"Pol\u00edtica de cookies\"}]},{\"@type\":\"WebSite\",\"@id\":\"https:\\\/\\\/www.certificadoisorapida.com\\\/#website\",\"url\":\"https:\\\/\\\/www.certificadoisorapida.com\\\/\",\"name\":\"Certificado ISO r\u00e0pida\",\"description\":\"Experts en certificaci\u00f3 de sistemes de gesti\u00f3 ISO\",\"publisher\":{\"@id\":\"https:\\\/\\\/www.certificadoisorapida.com\\\/#organization\"},\"potentialAction\":[{\"@type\":\"SearchAction\",\"target\":{\"@type\":\"EntryPoint\",\"urlTemplate\":\"https:\\\/\\\/www.certificadoisorapida.com\\\/?s={search_term_string}\"},\"query-input\":{\"@type\":\"PropertyValueSpecification\",\"valueRequired\":true,\"valueName\":\"search_term_string\"}}],\"inLanguage\":\"es\"},{\"@type\":\"Organization\",\"@id\":\"https:\\\/\\\/www.certificadoisorapida.com\\\/#organization\",\"name\":\"Certificado ISO r\u00e0pida\",\"url\":\"https:\\\/\\\/www.certificadoisorapida.com\\\/\",\"logo\":{\"@type\":\"ImageObject\",\"inLanguage\":\"es\",\"@id\":\"https:\\\/\\\/www.certificadoisorapida.com\\\/#\\\/schema\\\/logo\\\/image\\\/\",\"url\":\"https:\\\/\\\/www.certificadoisorapida.com\\\/wp-content\\\/uploads\\\/2023\\\/04\\\/certificado-ISO-rapida_2x.png\",\"contentUrl\":\"https:\\\/\\\/www.certificadoisorapida.com\\\/wp-content\\\/uploads\\\/2023\\\/04\\\/certificado-ISO-rapida_2x.png\",\"width\":393,\"height\":140,\"caption\":\"Certificado ISO r\u00e0pida\"},\"image\":{\"@id\":\"https:\\\/\\\/www.certificadoisorapida.com\\\/#\\\/schema\\\/logo\\\/image\\\/\"},\"sameAs\":[\"https:\\\/\\\/x.com\\\/molinsdeq\",\"https:\\\/\\\/www.linkedin.com\\\/company\\\/molins-de-q-s-l-\\\/?viewAsMember=true\",\"https:\\\/\\\/www.instagram.com\\\/molinsdeq\\\/\"]}]}<\/script>\n<!-- \/ Yoast SEO plugin. -->","yoast_head_json":{"title":"Pol\u00edtica de cookies - Certificado ISO r\u00e0pida","robots":{"index":"index","follow":"follow","max-snippet":"max-snippet:-1","max-image-preview":"max-image-preview:large","max-video-preview":"max-video-preview:-1"},"canonical":"https:\/\/www.certificadoisorapida.com\/es\/politica-de-cookies\/","og_locale":"es_ES","og_type":"article","og_title":"Pol\u00edtica de cookies - Certificado ISO r\u00e0pida","og_description":"Nuestro sitio web utiliza una tecnolog\u00eda llamada cookie, con el [...]","og_url":"https:\/\/www.certificadoisorapida.com\/es\/politica-de-cookies\/","og_site_name":"Certificado ISO r\u00e0pida","article_modified_time":"2024-12-10T15:26:23+00:00","twitter_card":"summary_large_image","twitter_site":"@molinsdeq","twitter_misc":{"Tiempo de lectura":"6 minutos"},"schema":{"@context":"https:\/\/schema.org","@graph":[{"@type":"WebPage","@id":"https:\/\/www.certificadoisorapida.com\/es\/politica-de-cookies\/","url":"https:\/\/www.certificadoisorapida.com\/es\/politica-de-cookies\/","name":"Pol\u00edtica de cookies - Certificado ISO r\u00e0pida","isPartOf":{"@id":"https:\/\/www.certificadoisorapida.com\/#website"},"datePublished":"2023-05-23T11:40:25+00:00","dateModified":"2024-12-10T15:26:23+00:00","breadcrumb":{"@id":"https:\/\/www.certificadoisorapida.com\/es\/politica-de-cookies\/#breadcrumb"},"inLanguage":"es","potentialAction":[{"@type":"ReadAction","target":["https:\/\/www.certificadoisorapida.com\/es\/politica-de-cookies\/"]}]},{"@type":"BreadcrumbList","@id":"https:\/\/www.certificadoisorapida.com\/es\/politica-de-cookies\/#breadcrumb","itemListElement":[{"@type":"ListItem","position":1,"name":"Inici","item":"https:\/\/www.certificadoisorapida.com\/es\/"},{"@type":"ListItem","position":2,"name":"Pol\u00edtica de cookies"}]},{"@type":"WebSite","@id":"https:\/\/www.certificadoisorapida.com\/#website","url":"https:\/\/www.certificadoisorapida.com\/","name":"Certificado ISO r\u00e0pida","description":"Experts en certificaci\u00f3 de sistemes de gesti\u00f3 ISO","publisher":{"@id":"https:\/\/www.certificadoisorapida.com\/#organization"},"potentialAction":[{"@type":"SearchAction","target":{"@type":"EntryPoint","urlTemplate":"https:\/\/www.certificadoisorapida.com\/?s={search_term_string}"},"query-input":{"@type":"PropertyValueSpecification","valueRequired":true,"valueName":"search_term_string"}}],"inLanguage":"es"},{"@type":"Organization","@id":"https:\/\/www.certificadoisorapida.com\/#organization","name":"Certificado ISO r\u00e0pida","url":"https:\/\/www.certificadoisorapida.com\/","logo":{"@type":"ImageObject","inLanguage":"es","@id":"https:\/\/www.certificadoisorapida.com\/#\/schema\/logo\/image\/","url":"https:\/\/www.certificadoisorapida.com\/wp-content\/uploads\/2023\/04\/certificado-ISO-rapida_2x.png","contentUrl":"https:\/\/www.certificadoisorapida.com\/wp-content\/uploads\/2023\/04\/certificado-ISO-rapida_2x.png","width":393,"height":140,"caption":"Certificado ISO r\u00e0pida"},"image":{"@id":"https:\/\/www.certificadoisorapida.com\/#\/schema\/logo\/image\/"},"sameAs":["https:\/\/x.com\/molinsdeq","https:\/\/www.linkedin.com\/company\/molins-de-q-s-l-\/?viewAsMember=true","https:\/\/www.instagram.com\/molinsdeq\/"]}]}},"_links":{"self":[{"href":"https:\/\/www.certificadoisorapida.com\/es\/wp-json\/wp\/v2\/pages\/6884","targetHints":{"allow":["GET"]}}],"collection":[{"href":"https:\/\/www.certificadoisorapida.com\/es\/wp-json\/wp\/v2\/pages"}],"about":[{"href":"https:\/\/www.certificadoisorapida.com\/es\/wp-json\/wp\/v2\/types\/page"}],"author":[{"embeddable":true,"href":"https:\/\/www.certificadoisorapida.com\/es\/wp-json\/wp\/v2\/users\/1"}],"replies":[{"embeddable":true,"href":"https:\/\/www.certificadoisorapida.com\/es\/wp-json\/wp\/v2\/comments?post=6884"}],"version-history":[{"count":3,"href":"https:\/\/www.certificadoisorapida.com\/es\/wp-json\/wp\/v2\/pages\/6884\/revisions"}],"predecessor-version":[{"id":7434,"href":"https:\/\/www.certificadoisorapida.com\/es\/wp-json\/wp\/v2\/pages\/6884\/revisions\/7434"}],"wp:attachment":[{"href":"https:\/\/www.certificadoisorapida.com\/es\/wp-json\/wp\/v2\/media?parent=6884"}],"curies":[{"name":"wp","href":"https:\/\/api.w.org\/{rel}","templated":true}]}}